{"id":2612,"date":"2025-06-29T15:05:28","date_gmt":"2025-06-29T13:05:28","guid":{"rendered":"https:\/\/dmg-armaturen.ch\/mag\/?page_id=2612"},"modified":"2025-06-29T15:35:25","modified_gmt":"2025-06-29T13:35:25","slug":"caleffi-schematas","status":"publish","type":"page","link":"https:\/\/dmg-armaturen.ch\/mag\/caleffi-schematas\/?lang=fr","title":{"rendered":"Caleffi Schemata"},"content":{"rendered":"<div class=\"yoast-breadcrumbs\"><span><span><a href=\"https:\/\/dmg-armaturen.ch\/mag\/\">Home<\/a><\/span> \u00bb <span class=\"breadcrumb_last\" aria-current=\"page\">Caleffi Schemata<\/span><\/span><\/div>\n\n\n<p>Apprenez \u00e0 conna\u00eetre les produits Caleffi et d\u00e9couvrez de nouvelles solutions gr\u00e2ce \u00e0 l&#8217;application bas\u00e9e sur le web.<\/p>\n\n\n\n<div class=\"wp-block-media-text alignwide is-stacked-on-mobile tw-stack-md\" style=\"grid-template-columns:45% auto\"><figure class=\"wp-block-media-text__media\"><img loading=\"lazy\" decoding=\"async\" width=\"1024\" height=\"591\" src=\"https:\/\/dmg-armaturen.ch\/mag\/wp-content\/uploads\/2025\/06\/Schemi_Caleffi_2400x1385.jpg-1024x591.webp\" alt=\"\" class=\"wp-image-2605 size-full\" srcset=\"https:\/\/dmg-armaturen.ch\/mag\/wp-content\/uploads\/2025\/06\/Schemi_Caleffi_2400x1385.jpg-1024x591.webp 1024w, https:\/\/dmg-armaturen.ch\/mag\/wp-content\/uploads\/2025\/06\/Schemi_Caleffi_2400x1385.jpg-300x173.webp 300w, https:\/\/dmg-armaturen.ch\/mag\/wp-content\/uploads\/2025\/06\/Schemi_Caleffi_2400x1385.jpg-768x443.webp 768w, https:\/\/dmg-armaturen.ch\/mag\/wp-content\/uploads\/2025\/06\/Schemi_Caleffi_2400x1385.jpg.webp 1160w\" sizes=\"auto, (max-width: 1024px) 100vw, 1024px\" \/><\/figure><div class=\"wp-block-media-text__content\">\n<h3 class=\"wp-block-heading\">Caleffi Schemata<\/h3>\n\n\n\n<p>Choisissez, \u00e0 l&#8217;aide de nos propositions, le sch\u00e9ma qui correspond le mieux \u00e0 vos besoins. Explorez en d\u00e9tail les produits correspondants et leurs caract\u00e9ristiques techniques. Ensuite, vous pouvez exporter la solution compl\u00e8te sous forme de fichier PDF ou DXF et l&#8217;int\u00e9grer directement dans vos conceptions AutoCAD.<\/p>\n\n\n\n<p><a href=\"https:\/\/www.caleffi.com\/de-de\/schemata\/hybridsysteme\" target=\"_blank\" rel=\"noreferrer noopener\">Web-App<\/a><\/p>\n<\/div><\/div>\n\n\n\n<p><\/p>\n","protected":false},"excerpt":{"rendered":"<p>Apprenez \u00e0 conna\u00eetre les produits Caleffi et d\u00e9couvrez de nouvelles solutions gr\u00e2ce \u00e0 l&#8217;application bas\u00e9e sur le web. Caleffi Schemata Choisissez, \u00e0 l&#8217;aide de nos propositions, le sch\u00e9ma qui correspond le mieux \u00e0 vos besoins. Explorez en d\u00e9tail les produits correspondants et leurs caract\u00e9ristiques techniques. Ensuite, vous pouvez exporter la solution compl\u00e8te sous forme de&hellip;<\/p>\n","protected":false},"author":1,"featured_media":0,"parent":0,"menu_order":0,"comment_status":"closed","ping_status":"closed","template":"","meta":{"footnotes":""},"class_list":["post-2612","page","type-page","status-publish","hentry"],"yoast_head":"<!-- This site is optimized with the Yoast SEO plugin v26.8 - https:\/\/yoast.com\/product\/yoast-seo-wordpress\/ -->\n<title>Caleffi Schemata | DMG Armaturen GmbH<\/title>\n<meta name=\"robots\" content=\"index, follow, max-snippet:-1, max-image-preview:large, max-video-preview:-1\" \/>\n<link rel=\"canonical\" href=\"https:\/\/dmg-armaturen.ch\/mag\/caleffi-schematas\/\" \/>\n<meta property=\"og:locale\" content=\"de_DE\" \/>\n<meta property=\"og:type\" content=\"article\" \/>\n<meta property=\"og:title\" content=\"Caleffi Schemata | DMG Armaturen GmbH\" \/>\n<meta property=\"og:description\" content=\"Apprenez \u00e0 conna\u00eetre les produits Caleffi et d\u00e9couvrez de nouvelles solutions gr\u00e2ce \u00e0 l&#8217;application bas\u00e9e sur le web. Caleffi Schemata Choisissez, \u00e0 l&#8217;aide de nos propositions, le sch\u00e9ma qui correspond le mieux \u00e0 vos besoins. Explorez en d\u00e9tail les produits correspondants et leurs caract\u00e9ristiques techniques. Ensuite, vous pouvez exporter la solution compl\u00e8te sous forme de&hellip;\" \/>\n<meta property=\"og:url\" content=\"https:\/\/dmg-armaturen.ch\/mag\/caleffi-schematas\/?lang=fr\" \/>\n<meta property=\"og:site_name\" content=\"DMG Armaturen GmbH\" \/>\n<meta property=\"article:modified_time\" content=\"2025-06-29T13:35:25+00:00\" \/>\n<meta property=\"og:image\" content=\"https:\/\/dmg-armaturen.ch\/mag\/wp-content\/uploads\/2025\/06\/Schemi_Caleffi_2400x1385.jpg.webp\" \/>\n\t<meta property=\"og:image:width\" content=\"1160\" \/>\n\t<meta property=\"og:image:height\" content=\"669\" \/>\n\t<meta property=\"og:image:type\" content=\"image\/webp\" \/>\n<meta name=\"twitter:label1\" content=\"Gesch\u00e4tzte Lesezeit\" \/>\n\t<meta name=\"twitter:data1\" content=\"1\u00a0Minute\" \/>\n<!-- \/ Yoast SEO plugin. -->","yoast_head_json":{"title":"Caleffi Schemata | DMG Armaturen GmbH","robots":{"index":"index","follow":"follow","max-snippet":"max-snippet:-1","max-image-preview":"max-image-preview:large","max-video-preview":"max-video-preview:-1"},"canonical":"https:\/\/dmg-armaturen.ch\/mag\/caleffi-schematas\/","og_locale":"de_DE","og_type":"article","og_title":"Caleffi Schemata | DMG Armaturen GmbH","og_description":"Apprenez \u00e0 conna\u00eetre les produits Caleffi et d\u00e9couvrez de nouvelles solutions gr\u00e2ce \u00e0 l&#8217;application bas\u00e9e sur le web. Caleffi Schemata Choisissez, \u00e0 l&#8217;aide de nos propositions, le sch\u00e9ma qui correspond le mieux \u00e0 vos besoins. Explorez en d\u00e9tail les produits correspondants et leurs caract\u00e9ristiques techniques. Ensuite, vous pouvez exporter la solution compl\u00e8te sous forme de&hellip;","og_url":"https:\/\/dmg-armaturen.ch\/mag\/caleffi-schematas\/?lang=fr","og_site_name":"DMG Armaturen GmbH","article_modified_time":"2025-06-29T13:35:25+00:00","og_image":[{"width":1160,"height":669,"url":"https:\/\/dmg-armaturen.ch\/mag\/wp-content\/uploads\/2025\/06\/Schemi_Caleffi_2400x1385.jpg.webp","type":"image\/webp"}],"twitter_misc":{"Gesch\u00e4tzte Lesezeit":"1\u00a0Minute"},"schema":{"@context":"https:\/\/schema.org","@graph":[{"@type":"WebPage","@id":"https:\/\/dmg-armaturen.ch\/mag\/caleffi-schematas\/?lang=fr","url":"https:\/\/dmg-armaturen.ch\/mag\/caleffi-schematas\/?lang=fr","name":"Caleffi Schemata | DMG Armaturen GmbH","isPartOf":{"@id":"https:\/\/dmg-armaturen.ch\/mag\/#website"},"primaryImageOfPage":{"@id":"https:\/\/dmg-armaturen.ch\/mag\/caleffi-schematas\/?lang=fr#primaryimage"},"image":{"@id":"https:\/\/dmg-armaturen.ch\/mag\/caleffi-schematas\/?lang=fr#primaryimage"},"thumbnailUrl":"https:\/\/dmg-armaturen.ch\/mag\/wp-content\/uploads\/2025\/06\/Schemi_Caleffi_2400x1385.jpg-1024x591.webp","datePublished":"2025-06-29T13:05:28+00:00","dateModified":"2025-06-29T13:35:25+00:00","breadcrumb":{"@id":"https:\/\/dmg-armaturen.ch\/mag\/caleffi-schematas\/?lang=fr#breadcrumb"},"inLanguage":"de-CH","potentialAction":[{"@type":"ReadAction","target":["https:\/\/dmg-armaturen.ch\/mag\/caleffi-schematas\/?lang=fr"]}]},{"@type":"ImageObject","inLanguage":"de-CH","@id":"https:\/\/dmg-armaturen.ch\/mag\/caleffi-schematas\/?lang=fr#primaryimage","url":"https:\/\/dmg-armaturen.ch\/mag\/wp-content\/uploads\/2025\/06\/Schemi_Caleffi_2400x1385.jpg.webp","contentUrl":"https:\/\/dmg-armaturen.ch\/mag\/wp-content\/uploads\/2025\/06\/Schemi_Caleffi_2400x1385.jpg.webp","width":1160,"height":669},{"@type":"BreadcrumbList","@id":"https:\/\/dmg-armaturen.ch\/mag\/caleffi-schematas\/?lang=fr#breadcrumb","itemListElement":[{"@type":"ListItem","position":1,"name":"Home","item":"https:\/\/dmg-armaturen.ch\/mag\/"},{"@type":"ListItem","position":2,"name":"Caleffi Schemata"}]},{"@type":"WebSite","@id":"https:\/\/dmg-armaturen.ch\/mag\/#website","url":"https:\/\/dmg-armaturen.ch\/mag\/","name":"DMG Armaturen GmbH","description":"","publisher":{"@id":"https:\/\/dmg-armaturen.ch\/mag\/#organization"},"potentialAction":[{"@type":"SearchAction","target":{"@type":"EntryPoint","urlTemplate":"https:\/\/dmg-armaturen.ch\/mag\/?s={search_term_string}"},"query-input":{"@type":"PropertyValueSpecification","valueRequired":true,"valueName":"search_term_string"}}],"inLanguage":"de-CH"},{"@type":"Organization","@id":"https:\/\/dmg-armaturen.ch\/mag\/#organization","name":"DMG Armaturen GmbH","url":"https:\/\/dmg-armaturen.ch\/mag\/","logo":{"@type":"ImageObject","inLanguage":"de-CH","@id":"https:\/\/dmg-armaturen.ch\/mag\/#\/schema\/logo\/image\/","url":"https:\/\/dmg-armaturen.ch\/mag\/wp-content\/uploads\/2020\/06\/cropped-DMGLogo-1.png","contentUrl":"https:\/\/dmg-armaturen.ch\/mag\/wp-content\/uploads\/2020\/06\/cropped-DMGLogo-1.png","width":539,"height":109,"caption":"DMG Armaturen GmbH"},"image":{"@id":"https:\/\/dmg-armaturen.ch\/mag\/#\/schema\/logo\/image\/"}}]}},"_links":{"self":[{"href":"https:\/\/dmg-armaturen.ch\/mag\/wp-json\/wp\/v2\/pages\/2612","targetHints":{"allow":["GET"]}}],"collection":[{"href":"https:\/\/dmg-armaturen.ch\/mag\/wp-json\/wp\/v2\/pages"}],"about":[{"href":"https:\/\/dmg-armaturen.ch\/mag\/wp-json\/wp\/v2\/types\/page"}],"author":[{"embeddable":true,"href":"https:\/\/dmg-armaturen.ch\/mag\/wp-json\/wp\/v2\/users\/1"}],"replies":[{"embeddable":true,"href":"https:\/\/dmg-armaturen.ch\/mag\/wp-json\/wp\/v2\/comments?post=2612"}],"version-history":[{"count":2,"href":"https:\/\/dmg-armaturen.ch\/mag\/wp-json\/wp\/v2\/pages\/2612\/revisions"}],"predecessor-version":[{"id":2625,"href":"https:\/\/dmg-armaturen.ch\/mag\/wp-json\/wp\/v2\/pages\/2612\/revisions\/2625"}],"wp:attachment":[{"href":"https:\/\/dmg-armaturen.ch\/mag\/wp-json\/wp\/v2\/media?parent=2612"}],"curies":[{"name":"wp","href":"https:\/\/api.w.org\/{rel}","templated":true}]}}