{"id":2371,"date":"2024-12-28T16:33:23","date_gmt":"2024-12-28T15:33:23","guid":{"rendered":"https:\/\/dmg-armaturen.ch\/mag\/?page_id=2371"},"modified":"2024-12-29T13:58:21","modified_gmt":"2024-12-29T12:58:21","slug":"domestic-water-sizer","status":"publish","type":"page","link":"https:\/\/dmg-armaturen.ch\/mag\/domestic-water-sizer\/?lang=fr","title":{"rendered":"Domestic Water Sizer"},"content":{"rendered":"<div class=\"yoast-breadcrumbs\"><span><span><a href=\"https:\/\/dmg-armaturen.ch\/mag\/\">Home<\/a><\/span> \u00bb <span class=\"breadcrumb_last\" aria-current=\"page\">Domestic Water Sizer<\/span><\/span><\/div>\n\n\n<p>Dimensionnement rapide et correct des principaux composants des syst\u00e8mes d&#8217;eau domestique &#8211; pratique, rapide et correct sur le web ou dans l&#8217;application<\/p>\n\n\n\n<div class=\"wp-block-group alignfull\"><div class=\"wp-block-group__inner-container is-layout-flow wp-block-group-is-layout-flow\">\n<div class=\"wp-block-media-text alignwide is-stacked-on-mobile tw-stack-md\"><figure class=\"wp-block-media-text__media\"><img loading=\"lazy\" decoding=\"async\" width=\"750\" height=\"500\" src=\"https:\/\/dmg-armaturen.ch\/mag\/wp-content\/uploads\/2024\/12\/3.png\" alt=\"\" class=\"wp-image-2284 size-full\" srcset=\"https:\/\/dmg-armaturen.ch\/mag\/wp-content\/uploads\/2024\/12\/3.png 750w, https:\/\/dmg-armaturen.ch\/mag\/wp-content\/uploads\/2024\/12\/3-300x200.png 300w\" sizes=\"auto, (max-width: 750px) 100vw, 750px\" \/><\/figure><div class=\"wp-block-media-text__content\">\n<h3 class=\"wp-block-heading\">Domestic Water Sizer<\/h3>\n\n\n\n<p>Dimensionnez rapidement et correctement les principaux composants des syst\u00e8mes d&#8217;eau domestique. Enregistrez le rapport de conception au format PDF avec les donn\u00e9es saisies, les donn\u00e9es calcul\u00e9es et la documentation technique avec des exemples de sch\u00e9mas en annexe.<\/p>\n\n\n\n<p><a href=\"https:\/\/dimensionatori.caleffi.com\/pressure_reducing_sizer?country=de&amp;language=de\" target=\"_blank\" rel=\"noreferrer noopener\">Web-App<\/a> | <a href=\"https:\/\/apps.apple.com\/it\/app\/domestic-water-sizer\/id972070226\" target=\"_blank\" rel=\"noreferrer noopener\">Pour iOS<\/a> | <a href=\"https:\/\/play.google.com\/store\/apps\/details?id=com.caleffi.sizer&amp;hl=de\" target=\"_blank\" rel=\"noreferrer noopener\">Pour Android<\/a><\/p>\n<\/div><\/div>\n<\/div><\/div>\n\n\n\n<p>Le Domestic Water Sizer de vous permet de dimensionner rapidement et correctement les composants suivants :<\/p>\n\n\n\n<h3 class=\"wp-block-heading\"><strong>D\u00e9tendeurs<\/strong><\/h3>\n\n\n\n<p>En entrant les param\u00e8tres de fonctionnement (pression d&#8217;entr\u00e9e, pression de sortie, temp\u00e9rature de travail) et le d\u00e9bit de conception (qui peut \u00eatre calcul\u00e9 \u00e0 l&#8217;aide d&#8217;un outil sp\u00e9cifique selon le type d&#8217;utilisateur), gr\u00e2ce au calcul automatique de la vitesse du fluide, les codes de Caleffi sont propos\u00e9s.<\/p>\n\n\n\n<p><a href=\"http:\/\/dimensionatori.caleffi.com\/pressure_reducing_sizer\" target=\"_blank\" rel=\"noreferrer noopener\">Vers l&#8217;application web<\/a><\/p>\n\n\n\n<h3 class=\"wp-block-heading\"><strong>Vannes de m\u00e9lange<\/strong><\/h3>\n\n\n\n<p>Pour les vannes de r\u00e9duction de pression, le d\u00e9bit, s&#8217;il est inconnu, peut \u00eatre calcul\u00e9 \u00e0 l&#8217;aide d&#8217;un outil sp\u00e9cial. Apr\u00e8s avoir choisi le type de vanne de m\u00e9lange entre les syst\u00e8mes thermostatiques, \u00e9lectroniques et solaires thermiques, les codes des composants Caleffi sont propos\u00e9s en fonction du calcul optimal de la perte de charge, afin de garantir un m\u00e9lange d&#8217;eau et un r\u00e9glage de temp\u00e9rature corrects.<\/p>\n\n\n\n<p><a href=\"http:\/\/dimensionatori.caleffi.com\/mixing_valve_sizer\" target=\"_blank\" rel=\"noreferrer noopener\">Vers l&#8217;application web<\/a><\/p>\n\n\n\n<h3 class=\"wp-block-heading\"><strong>R\u00e9servoir d&#8217;eau domestique<\/strong><\/h3>\n\n\n\n<p>Pour la production d&#8217;eau chaude avec stockage, l&#8217;application permet de dimensionner le volume du r\u00e9servoir d&#8217;eau en fonction des cat\u00e9gories d&#8217;utilisateurs les plus courantes. Le volume calcul\u00e9 peut \u00eatre pris en compte lors du choix du vase d&#8217;expansion avec le dimensionneur correspondant.<\/p>\n\n\n\n<p><a href=\"http:\/\/dimensionatori.caleffi.com\/boiler_sizer\" target=\"_blank\" rel=\"noreferrer noopener\">Vers l&#8217;application web<\/a><\/p>\n\n\n\n<h3 class=\"wp-block-heading\"><strong>Ausdehnungsgef\u00e4\u00df<\/strong><\/h3>\n\n\n\n<p>En entrant les param\u00e8tres de fonctionnement (pression d&#8217;entr\u00e9e au r\u00e9servoir d&#8217;eau, pression de r\u00e9glage de la soupape de s\u00e9curit\u00e9, temp\u00e9rature du r\u00e9servoir d&#8217;eau), le vase d&#8217;expansion peut \u00eatre calcul\u00e9. Des solutions avec vase d&#8217;expansion simple ou double sont propos\u00e9es.<\/p>\n\n\n\n<p><a href=\"http:\/\/dimensionatori.caleffi.com\/expansion_vessel_sizer\" target=\"_blank\" rel=\"noreferrer noopener\">Vers l&#8217;application web<\/a><\/p>\n","protected":false},"excerpt":{"rendered":"<p>Dimensionnement rapide et correct des principaux composants des syst\u00e8mes d&#8217;eau domestique &#8211; pratique, rapide et correct sur le web ou dans l&#8217;application Domestic Water Sizer Dimensionnez rapidement et correctement les principaux composants des syst\u00e8mes d&#8217;eau domestique. Enregistrez le rapport de conception au format PDF avec les donn\u00e9es saisies, les donn\u00e9es calcul\u00e9es et la documentation technique&hellip;<\/p>\n","protected":false},"author":1,"featured_media":0,"parent":0,"menu_order":0,"comment_status":"closed","ping_status":"closed","template":"","meta":{"footnotes":""},"class_list":["post-2371","page","type-page","status-publish","hentry"],"yoast_head":"<!-- This site is optimized with the Yoast SEO plugin v26.8 - https:\/\/yoast.com\/product\/yoast-seo-wordpress\/ -->\n<title>Domestic Water Sizer | DMG Armaturen GmbH<\/title>\n<meta name=\"robots\" content=\"index, follow, max-snippet:-1, max-image-preview:large, max-video-preview:-1\" \/>\n<link rel=\"canonical\" href=\"https:\/\/dmg-armaturen.ch\/mag\/domestic-water-sizer\/\" \/>\n<meta property=\"og:locale\" content=\"de_DE\" \/>\n<meta property=\"og:type\" content=\"article\" \/>\n<meta property=\"og:title\" content=\"Domestic Water Sizer | DMG Armaturen GmbH\" \/>\n<meta property=\"og:description\" content=\"Dimensionnement rapide et correct des principaux composants des syst\u00e8mes d&#8217;eau domestique &#8211; pratique, rapide et correct sur le web ou dans l&#8217;application Domestic Water Sizer Dimensionnez rapidement et correctement les principaux composants des syst\u00e8mes d&#8217;eau domestique. Enregistrez le rapport de conception au format PDF avec les donn\u00e9es saisies, les donn\u00e9es calcul\u00e9es et la documentation technique&hellip;\" \/>\n<meta property=\"og:url\" content=\"https:\/\/dmg-armaturen.ch\/mag\/domestic-water-sizer\/?lang=fr\" \/>\n<meta property=\"og:site_name\" content=\"DMG Armaturen GmbH\" \/>\n<meta property=\"article:modified_time\" content=\"2024-12-29T12:58:21+00:00\" \/>\n<meta property=\"og:image\" content=\"https:\/\/dmg-armaturen.ch\/mag\/wp-content\/uploads\/2024\/12\/3.png\" \/>\n\t<meta property=\"og:image:width\" content=\"750\" \/>\n\t<meta property=\"og:image:height\" content=\"500\" \/>\n\t<meta property=\"og:image:type\" content=\"image\/png\" \/>\n<meta name=\"twitter:label1\" content=\"Gesch\u00e4tzte Lesezeit\" \/>\n\t<meta name=\"twitter:data1\" content=\"2\u00a0Minuten\" \/>\n<!-- \/ Yoast SEO plugin. -->","yoast_head_json":{"title":"Domestic Water Sizer | DMG Armaturen GmbH","robots":{"index":"index","follow":"follow","max-snippet":"max-snippet:-1","max-image-preview":"max-image-preview:large","max-video-preview":"max-video-preview:-1"},"canonical":"https:\/\/dmg-armaturen.ch\/mag\/domestic-water-sizer\/","og_locale":"de_DE","og_type":"article","og_title":"Domestic Water Sizer | DMG Armaturen GmbH","og_description":"Dimensionnement rapide et correct des principaux composants des syst\u00e8mes d&#8217;eau domestique &#8211; pratique, rapide et correct sur le web ou dans l&#8217;application Domestic Water Sizer Dimensionnez rapidement et correctement les principaux composants des syst\u00e8mes d&#8217;eau domestique. Enregistrez le rapport de conception au format PDF avec les donn\u00e9es saisies, les donn\u00e9es calcul\u00e9es et la documentation technique&hellip;","og_url":"https:\/\/dmg-armaturen.ch\/mag\/domestic-water-sizer\/?lang=fr","og_site_name":"DMG Armaturen GmbH","article_modified_time":"2024-12-29T12:58:21+00:00","og_image":[{"width":750,"height":500,"url":"https:\/\/dmg-armaturen.ch\/mag\/wp-content\/uploads\/2024\/12\/3.png","type":"image\/png"}],"twitter_misc":{"Gesch\u00e4tzte Lesezeit":"2\u00a0Minuten"},"schema":{"@context":"https:\/\/schema.org","@graph":[{"@type":"WebPage","@id":"https:\/\/dmg-armaturen.ch\/mag\/domestic-water-sizer\/?lang=fr","url":"https:\/\/dmg-armaturen.ch\/mag\/domestic-water-sizer\/?lang=fr","name":"Domestic Water Sizer | DMG Armaturen GmbH","isPartOf":{"@id":"https:\/\/dmg-armaturen.ch\/mag\/#website"},"primaryImageOfPage":{"@id":"https:\/\/dmg-armaturen.ch\/mag\/domestic-water-sizer\/?lang=fr#primaryimage"},"image":{"@id":"https:\/\/dmg-armaturen.ch\/mag\/domestic-water-sizer\/?lang=fr#primaryimage"},"thumbnailUrl":"https:\/\/dmg-armaturen.ch\/mag\/wp-content\/uploads\/2024\/12\/3.png","datePublished":"2024-12-28T15:33:23+00:00","dateModified":"2024-12-29T12:58:21+00:00","breadcrumb":{"@id":"https:\/\/dmg-armaturen.ch\/mag\/domestic-water-sizer\/?lang=fr#breadcrumb"},"inLanguage":"de-CH","potentialAction":[{"@type":"ReadAction","target":["https:\/\/dmg-armaturen.ch\/mag\/domestic-water-sizer\/?lang=fr"]}]},{"@type":"ImageObject","inLanguage":"de-CH","@id":"https:\/\/dmg-armaturen.ch\/mag\/domestic-water-sizer\/?lang=fr#primaryimage","url":"https:\/\/dmg-armaturen.ch\/mag\/wp-content\/uploads\/2024\/12\/3.png","contentUrl":"https:\/\/dmg-armaturen.ch\/mag\/wp-content\/uploads\/2024\/12\/3.png","width":750,"height":500},{"@type":"BreadcrumbList","@id":"https:\/\/dmg-armaturen.ch\/mag\/domestic-water-sizer\/?lang=fr#breadcrumb","itemListElement":[{"@type":"ListItem","position":1,"name":"Home","item":"https:\/\/dmg-armaturen.ch\/mag\/"},{"@type":"ListItem","position":2,"name":"Domestic Water Sizer"}]},{"@type":"WebSite","@id":"https:\/\/dmg-armaturen.ch\/mag\/#website","url":"https:\/\/dmg-armaturen.ch\/mag\/","name":"DMG Armaturen GmbH","description":"","publisher":{"@id":"https:\/\/dmg-armaturen.ch\/mag\/#organization"},"potentialAction":[{"@type":"SearchAction","target":{"@type":"EntryPoint","urlTemplate":"https:\/\/dmg-armaturen.ch\/mag\/?s={search_term_string}"},"query-input":{"@type":"PropertyValueSpecification","valueRequired":true,"valueName":"search_term_string"}}],"inLanguage":"de-CH"},{"@type":"Organization","@id":"https:\/\/dmg-armaturen.ch\/mag\/#organization","name":"DMG Armaturen GmbH","url":"https:\/\/dmg-armaturen.ch\/mag\/","logo":{"@type":"ImageObject","inLanguage":"de-CH","@id":"https:\/\/dmg-armaturen.ch\/mag\/#\/schema\/logo\/image\/","url":"https:\/\/dmg-armaturen.ch\/mag\/wp-content\/uploads\/2020\/06\/cropped-DMGLogo-1.png","contentUrl":"https:\/\/dmg-armaturen.ch\/mag\/wp-content\/uploads\/2020\/06\/cropped-DMGLogo-1.png","width":539,"height":109,"caption":"DMG Armaturen GmbH"},"image":{"@id":"https:\/\/dmg-armaturen.ch\/mag\/#\/schema\/logo\/image\/"}}]}},"_links":{"self":[{"href":"https:\/\/dmg-armaturen.ch\/mag\/wp-json\/wp\/v2\/pages\/2371","targetHints":{"allow":["GET"]}}],"collection":[{"href":"https:\/\/dmg-armaturen.ch\/mag\/wp-json\/wp\/v2\/pages"}],"about":[{"href":"https:\/\/dmg-armaturen.ch\/mag\/wp-json\/wp\/v2\/types\/page"}],"author":[{"embeddable":true,"href":"https:\/\/dmg-armaturen.ch\/mag\/wp-json\/wp\/v2\/users\/1"}],"replies":[{"embeddable":true,"href":"https:\/\/dmg-armaturen.ch\/mag\/wp-json\/wp\/v2\/comments?post=2371"}],"version-history":[{"count":1,"href":"https:\/\/dmg-armaturen.ch\/mag\/wp-json\/wp\/v2\/pages\/2371\/revisions"}],"predecessor-version":[{"id":2372,"href":"https:\/\/dmg-armaturen.ch\/mag\/wp-json\/wp\/v2\/pages\/2371\/revisions\/2372"}],"wp:attachment":[{"href":"https:\/\/dmg-armaturen.ch\/mag\/wp-json\/wp\/v2\/media?parent=2371"}],"curies":[{"name":"wp","href":"https:\/\/api.w.org\/{rel}","templated":true}]}}