{"id":2313,"date":"2024-12-28T16:33:23","date_gmt":"2024-12-28T15:33:23","guid":{"rendered":"https:\/\/dmg-armaturen.ch\/mag\/?page_id=2313"},"modified":"2024-12-29T20:44:28","modified_gmt":"2024-12-29T19:44:28","slug":"domestic-water-sizer","status":"publish","type":"page","link":"https:\/\/dmg-armaturen.ch\/mag\/domestic-water-sizer\/","title":{"rendered":"Domestic Water Sizer"},"content":{"rendered":"<div class=\"yoast-breadcrumbs\"><span><span><a href=\"https:\/\/dmg-armaturen.ch\/mag\/\">Home<\/a><\/span> \u00bb <span class=\"breadcrumb_last\" aria-current=\"page\">Domestic Water Sizer<\/span><\/span><\/div>\n\n\n<p>Schnelle und korrekte Dimensionierung der Hauptkomponenten von Hauswassersystemen \u2013 bequem, schnell und korrekt im Web oder in der App<\/p>\n\n\n\n<div class=\"wp-block-group alignfull\"><div class=\"wp-block-group__inner-container is-layout-flow wp-block-group-is-layout-flow\">\n<div class=\"wp-block-media-text alignwide is-stacked-on-mobile tw-stack-md\"><figure class=\"wp-block-media-text__media\"><img loading=\"lazy\" decoding=\"async\" width=\"750\" height=\"500\" src=\"https:\/\/dmg-armaturen.ch\/mag\/wp-content\/uploads\/2024\/12\/3.png\" alt=\"\" class=\"wp-image-2284 size-full\" srcset=\"https:\/\/dmg-armaturen.ch\/mag\/wp-content\/uploads\/2024\/12\/3.png 750w, https:\/\/dmg-armaturen.ch\/mag\/wp-content\/uploads\/2024\/12\/3-300x200.png 300w\" sizes=\"auto, (max-width: 750px) 100vw, 750px\" \/><\/figure><div class=\"wp-block-media-text__content\">\n<h3 class=\"wp-block-heading\">Domestic Water Sizer<\/h3>\n\n\n\n<p>Dimensionieren Sie schnell und korrekt die Hauptkomponenten von Hauswassersystemen.&nbsp;<\/p>\n\n\n\n<p>Speichern Sie den Entwurfsbericht im PDF-Format mit den eingegebenen Daten, den berechneten Daten und der technischen Dokumentation mit Beispielschaltpl\u00e4nen im Anhang.&nbsp;<\/p>\n\n\n\n<p><a href=\"https:\/\/dimensionatori.caleffi.com\/pressure_reducing_sizer?country=de&amp;language=de\" target=\"_blank\" rel=\"noreferrer noopener\">Web-App<\/a>  |  <a href=\"https:\/\/apps.apple.com\/it\/app\/domestic-water-sizer\/id972070226\" target=\"_blank\" rel=\"noreferrer noopener\">F\u00fcr iOS<\/a>  |   <a href=\"https:\/\/play.google.com\/store\/apps\/details?id=com.caleffi.sizer&amp;hl=de\" target=\"_blank\" rel=\"noreferrer noopener\">F\u00fcr Android<\/a><\/p>\n<\/div><\/div>\n<\/div><\/div>\n\n\n\n<p>Mit dem Domestic Water Sizer von k\u00f6nnen Sie die folgenden Komponenten schnell und korrekt dimensionieren:<\/p>\n\n\n\n<h3 class=\"wp-block-heading\"><strong>Druckreduzierventile<\/strong><\/h3>\n\n\n\n<p>Nach Eingabe der Funktionsparameter (Eingangsdruck, Ausgangsdruck, Betriebstemperatur) und des Auslegungsdurchflusses (der mit einem speziellen Tool f\u00fcr verschiedene Benutzertypen berechnet werden kann) werden dank der automatischen Berechnung der Mediumgeschwindigkeit die f\u00fcr die Anwendung optimalen Caleffi-Komponenten vorgeschlagen.<\/p>\n\n\n\n<p><a href=\"http:\/\/dimensionatori.caleffi.com\/pressure_reducing_sizer\" target=\"_blank\" rel=\"noreferrer noopener\">Zur Web-App<\/a><\/p>\n\n\n\n<h3 class=\"wp-block-heading\"><strong>Mischventile<\/strong><\/h3>\n\n\n\n<p>Bei den Druckreduzierventilen kann der Durchfluss, falls unbekannt, mit einem speziellen Tool berechnet werden. Nach der Auswahl des Mischventiltyps unter den thermostatischen, elektronischen und solarthermischen Systemen werden Caleffi-Komponenten entsprechend der optimalen Druckverlustberechnung vorgeschlagen, um eine korrekte Wassermischung und Temperatureinstellung zu gew\u00e4hrleisten.<\/p>\n\n\n\n<p><a href=\"http:\/\/dimensionatori.caleffi.com\/mixing_valve_sizer\" target=\"_blank\" rel=\"noreferrer noopener\">Zur Web-App<\/a><\/p>\n\n\n\n<h3 class=\"wp-block-heading\"><strong>H\u00e4uslicher Wasserspeicher<\/strong><\/h3>\n\n\n\n<p>Bei der Warmwasserbereitung mit Speicherung erm\u00f6glicht die App die Dimensionierung des Wasserspeichervolumens entsprechend den g\u00e4ngigsten Benutzerkategorien. Das berechnete Volumen kann bei der Auswahl des Ausdehnungsgef\u00e4sses mit dem entsprechenden Gr\u00f6ssenmessger\u00e4t ber\u00fccksichtigt werden.<\/p>\n\n\n\n<p><a href=\"http:\/\/dimensionatori.caleffi.com\/boiler_sizer\" target=\"_blank\" rel=\"noreferrer noopener\">Zur Web-App<\/a><\/p>\n\n\n\n<h3 class=\"wp-block-heading\"><strong>Ausdehnungsgef\u00e4ss<\/strong><\/h3>\n\n\n\n<p>Durch Eingabe der Funktionsparameter (Eingangsdruck am Wasserspeicher, Einstelldruck des Sicherheitsventils, Temperatur des Wasserspeichers) kann das Ausdehnungsgef\u00e4\u00df berechnet werden. Es werden L\u00f6sungen mit einfachem oder doppeltem Ausdehnungsgef\u00e4ss vorgeschlagen.<\/p>\n\n\n\n<p><a href=\"http:\/\/dimensionatori.caleffi.com\/expansion_vessel_sizer\" target=\"_blank\" rel=\"noreferrer noopener\">Zur Web-App<\/a><\/p>\n","protected":false},"excerpt":{"rendered":"<p>Schnelle und korrekte Dimensionierung der Hauptkomponenten von Hauswassersystemen \u2013 bequem, schnell und korrekt im Web oder in der App Domestic Water Sizer Dimensionieren Sie schnell und korrekt die Hauptkomponenten von Hauswassersystemen.&nbsp; Speichern Sie den Entwurfsbericht im PDF-Format mit den eingegebenen Daten, den berechneten Daten und der technischen Dokumentation mit Beispielschaltpl\u00e4nen im Anhang.&nbsp; Web-App | F\u00fcr&hellip;<\/p>\n","protected":false},"author":1,"featured_media":0,"parent":0,"menu_order":0,"comment_status":"closed","ping_status":"closed","template":"","meta":{"footnotes":""},"class_list":["post-2313","page","type-page","status-publish","hentry"],"yoast_head":"<!-- This site is optimized with the Yoast SEO plugin v26.8 - https:\/\/yoast.com\/product\/yoast-seo-wordpress\/ -->\n<title>Domestic Water Sizer | DMG Armaturen GmbH<\/title>\n<meta name=\"robots\" content=\"index, follow, max-snippet:-1, max-image-preview:large, max-video-preview:-1\" \/>\n<link rel=\"canonical\" href=\"https:\/\/dmg-armaturen.ch\/mag\/domestic-water-sizer\/\" \/>\n<meta property=\"og:locale\" content=\"de_DE\" \/>\n<meta property=\"og:type\" content=\"article\" \/>\n<meta property=\"og:title\" content=\"Domestic Water Sizer | DMG Armaturen GmbH\" \/>\n<meta property=\"og:description\" content=\"Schnelle und korrekte Dimensionierung der Hauptkomponenten von Hauswassersystemen \u2013 bequem, schnell und korrekt im Web oder in der App Domestic Water Sizer Dimensionieren Sie schnell und korrekt die Hauptkomponenten von Hauswassersystemen.&nbsp; Speichern Sie den Entwurfsbericht im PDF-Format mit den eingegebenen Daten, den berechneten Daten und der technischen Dokumentation mit Beispielschaltpl\u00e4nen im Anhang.&nbsp; Web-App | F\u00fcr&hellip;\" \/>\n<meta property=\"og:url\" content=\"https:\/\/dmg-armaturen.ch\/mag\/domestic-water-sizer\/\" \/>\n<meta property=\"og:site_name\" content=\"DMG Armaturen GmbH\" \/>\n<meta property=\"article:modified_time\" content=\"2024-12-29T19:44:28+00:00\" \/>\n<meta property=\"og:image\" content=\"https:\/\/dmg-armaturen.ch\/mag\/wp-content\/uploads\/2024\/12\/3.png\" \/>\n\t<meta property=\"og:image:width\" content=\"750\" \/>\n\t<meta property=\"og:image:height\" content=\"500\" \/>\n\t<meta property=\"og:image:type\" content=\"image\/png\" \/>\n<meta name=\"twitter:label1\" content=\"Gesch\u00e4tzte Lesezeit\" \/>\n\t<meta name=\"twitter:data1\" content=\"2\u00a0Minuten\" \/>\n<!-- \/ Yoast SEO plugin. -->","yoast_head_json":{"title":"Domestic Water Sizer | DMG Armaturen GmbH","robots":{"index":"index","follow":"follow","max-snippet":"max-snippet:-1","max-image-preview":"max-image-preview:large","max-video-preview":"max-video-preview:-1"},"canonical":"https:\/\/dmg-armaturen.ch\/mag\/domestic-water-sizer\/","og_locale":"de_DE","og_type":"article","og_title":"Domestic Water Sizer | DMG Armaturen GmbH","og_description":"Schnelle und korrekte Dimensionierung der Hauptkomponenten von Hauswassersystemen \u2013 bequem, schnell und korrekt im Web oder in der App Domestic Water Sizer Dimensionieren Sie schnell und korrekt die Hauptkomponenten von Hauswassersystemen.&nbsp; Speichern Sie den Entwurfsbericht im PDF-Format mit den eingegebenen Daten, den berechneten Daten und der technischen Dokumentation mit Beispielschaltpl\u00e4nen im Anhang.&nbsp; Web-App | F\u00fcr&hellip;","og_url":"https:\/\/dmg-armaturen.ch\/mag\/domestic-water-sizer\/","og_site_name":"DMG Armaturen GmbH","article_modified_time":"2024-12-29T19:44:28+00:00","og_image":[{"width":750,"height":500,"url":"https:\/\/dmg-armaturen.ch\/mag\/wp-content\/uploads\/2024\/12\/3.png","type":"image\/png"}],"twitter_misc":{"Gesch\u00e4tzte Lesezeit":"2\u00a0Minuten"},"schema":{"@context":"https:\/\/schema.org","@graph":[{"@type":"WebPage","@id":"https:\/\/dmg-armaturen.ch\/mag\/domestic-water-sizer\/","url":"https:\/\/dmg-armaturen.ch\/mag\/domestic-water-sizer\/","name":"Domestic Water Sizer | DMG Armaturen GmbH","isPartOf":{"@id":"https:\/\/dmg-armaturen.ch\/mag\/#website"},"primaryImageOfPage":{"@id":"https:\/\/dmg-armaturen.ch\/mag\/domestic-water-sizer\/#primaryimage"},"image":{"@id":"https:\/\/dmg-armaturen.ch\/mag\/domestic-water-sizer\/#primaryimage"},"thumbnailUrl":"https:\/\/dmg-armaturen.ch\/mag\/wp-content\/uploads\/2024\/12\/3.png","datePublished":"2024-12-28T15:33:23+00:00","dateModified":"2024-12-29T19:44:28+00:00","breadcrumb":{"@id":"https:\/\/dmg-armaturen.ch\/mag\/domestic-water-sizer\/#breadcrumb"},"inLanguage":"de-CH","potentialAction":[{"@type":"ReadAction","target":["https:\/\/dmg-armaturen.ch\/mag\/domestic-water-sizer\/"]}]},{"@type":"ImageObject","inLanguage":"de-CH","@id":"https:\/\/dmg-armaturen.ch\/mag\/domestic-water-sizer\/#primaryimage","url":"https:\/\/dmg-armaturen.ch\/mag\/wp-content\/uploads\/2024\/12\/3.png","contentUrl":"https:\/\/dmg-armaturen.ch\/mag\/wp-content\/uploads\/2024\/12\/3.png","width":750,"height":500},{"@type":"BreadcrumbList","@id":"https:\/\/dmg-armaturen.ch\/mag\/domestic-water-sizer\/#breadcrumb","itemListElement":[{"@type":"ListItem","position":1,"name":"Home","item":"https:\/\/dmg-armaturen.ch\/mag\/"},{"@type":"ListItem","position":2,"name":"Domestic Water Sizer"}]},{"@type":"WebSite","@id":"https:\/\/dmg-armaturen.ch\/mag\/#website","url":"https:\/\/dmg-armaturen.ch\/mag\/","name":"DMG Armaturen GmbH","description":"","publisher":{"@id":"https:\/\/dmg-armaturen.ch\/mag\/#organization"},"potentialAction":[{"@type":"SearchAction","target":{"@type":"EntryPoint","urlTemplate":"https:\/\/dmg-armaturen.ch\/mag\/?s={search_term_string}"},"query-input":{"@type":"PropertyValueSpecification","valueRequired":true,"valueName":"search_term_string"}}],"inLanguage":"de-CH"},{"@type":"Organization","@id":"https:\/\/dmg-armaturen.ch\/mag\/#organization","name":"DMG Armaturen GmbH","url":"https:\/\/dmg-armaturen.ch\/mag\/","logo":{"@type":"ImageObject","inLanguage":"de-CH","@id":"https:\/\/dmg-armaturen.ch\/mag\/#\/schema\/logo\/image\/","url":"https:\/\/dmg-armaturen.ch\/mag\/wp-content\/uploads\/2020\/06\/cropped-DMGLogo-1.png","contentUrl":"https:\/\/dmg-armaturen.ch\/mag\/wp-content\/uploads\/2020\/06\/cropped-DMGLogo-1.png","width":539,"height":109,"caption":"DMG Armaturen GmbH"},"image":{"@id":"https:\/\/dmg-armaturen.ch\/mag\/#\/schema\/logo\/image\/"}}]}},"_links":{"self":[{"href":"https:\/\/dmg-armaturen.ch\/mag\/wp-json\/wp\/v2\/pages\/2313","targetHints":{"allow":["GET"]}}],"collection":[{"href":"https:\/\/dmg-armaturen.ch\/mag\/wp-json\/wp\/v2\/pages"}],"about":[{"href":"https:\/\/dmg-armaturen.ch\/mag\/wp-json\/wp\/v2\/types\/page"}],"author":[{"embeddable":true,"href":"https:\/\/dmg-armaturen.ch\/mag\/wp-json\/wp\/v2\/users\/1"}],"replies":[{"embeddable":true,"href":"https:\/\/dmg-armaturen.ch\/mag\/wp-json\/wp\/v2\/comments?post=2313"}],"version-history":[{"count":2,"href":"https:\/\/dmg-armaturen.ch\/mag\/wp-json\/wp\/v2\/pages\/2313\/revisions"}],"predecessor-version":[{"id":2380,"href":"https:\/\/dmg-armaturen.ch\/mag\/wp-json\/wp\/v2\/pages\/2313\/revisions\/2380"}],"wp:attachment":[{"href":"https:\/\/dmg-armaturen.ch\/mag\/wp-json\/wp\/v2\/media?parent=2313"}],"curies":[{"name":"wp","href":"https:\/\/api.w.org\/{rel}","templated":true}]}}