{"id":2309,"date":"2024-12-28T16:13:12","date_gmt":"2024-12-28T15:13:12","guid":{"rendered":"https:\/\/dmg-armaturen.ch\/mag\/?page_id=2309"},"modified":"2025-06-29T15:05:40","modified_gmt":"2025-06-29T13:05:40","slug":"caleffi-pipe-sizer","status":"publish","type":"page","link":"https:\/\/dmg-armaturen.ch\/mag\/caleffi-pipe-sizer\/","title":{"rendered":"Caleffi Pipe Sizer"},"content":{"rendered":"<div class=\"yoast-breadcrumbs\"><span><span><a href=\"https:\/\/dmg-armaturen.ch\/mag\/\">Home<\/a><\/span> \u00bb <span class=\"breadcrumb_last\" aria-current=\"page\">Caleffi Pipe Sizer<\/span><\/span><\/div>\n\n\n<p>Dimensionieren Sie schnell und korrekt Hauptkomponenten von Hauswassersystemen<\/p>\n\n\n\n<div class=\"wp-block-group alignfull\"><div class=\"wp-block-group__inner-container is-layout-flow wp-block-group-is-layout-flow\">\n<div class=\"wp-block-media-text alignwide is-stacked-on-mobile tw-stack-md\" style=\"grid-template-columns:45% auto\"><figure class=\"wp-block-media-text__media\"><img loading=\"lazy\" decoding=\"async\" width=\"1024\" height=\"622\" src=\"https:\/\/dmg-armaturen.ch\/mag\/wp-content\/uploads\/2024\/12\/Bildschirmfoto-2024-12-28-um-16.09.41-1024x622.png\" alt=\"\" class=\"wp-image-2302 size-full\" srcset=\"https:\/\/dmg-armaturen.ch\/mag\/wp-content\/uploads\/2024\/12\/Bildschirmfoto-2024-12-28-um-16.09.41-1024x622.png 1024w, https:\/\/dmg-armaturen.ch\/mag\/wp-content\/uploads\/2024\/12\/Bildschirmfoto-2024-12-28-um-16.09.41-300x182.png 300w, https:\/\/dmg-armaturen.ch\/mag\/wp-content\/uploads\/2024\/12\/Bildschirmfoto-2024-12-28-um-16.09.41-768x466.png 768w, https:\/\/dmg-armaturen.ch\/mag\/wp-content\/uploads\/2024\/12\/Bildschirmfoto-2024-12-28-um-16.09.41-1200x729.png 1200w, https:\/\/dmg-armaturen.ch\/mag\/wp-content\/uploads\/2024\/12\/Bildschirmfoto-2024-12-28-um-16.09.41.png 1474w\" sizes=\"auto, (max-width: 1024px) 100vw, 1024px\" \/><\/figure><div class=\"wp-block-media-text__content\">\n<h3 class=\"wp-block-heading\">Caleffi Pipe Sizer<\/h3>\n\n\n\n<p>Pipe Sizer ist die Weiterentwicklung der Druckabfalltabellen. Unsere Tabellen sind eine Designhilfe, aber auch ein theoretisches Nachschlagewerk, das auf verschiedene Anwendungsf\u00e4lle im \u201eCaleffi-Notizbuch\u201c-Format angewendet wird und f\u00fcr Ihre eigene Anlagenschulung n\u00fctzlich ist.<\/p>\n\n\n\n<p><a href=\"https:\/\/dimensionatori.caleffi.com\/pipesizer?country=de&amp;language=de\" target=\"_blank\" rel=\"noreferrer noopener\">Web-App<\/a>   |   <a href=\"https:\/\/play.google.com\/store\/apps\/details?id=com.caleffi.pipesizer&amp;hl=de\" target=\"_blank\" rel=\"noreferrer noopener\">F\u00fcr iOS<\/a>   |   <a href=\"https:\/\/play.google.com\/store\/apps\/details?id=com.caleffi.pipesizer&amp;hl=de\" target=\"_blank\" rel=\"noreferrer noopener\">F\u00fcr Android<\/a><\/p>\n<\/div><\/div>\n<\/div><\/div>\n\n\n\n<p>Das k\u00f6nnen Sie mit Hilfe von Caleffi Pipe Sizer berechnen\/dimensionieren.<\/p>\n\n\n\n<h3 class=\"wp-block-heading\">Berechnung verteilter Druckverluste in vorhandenen oder vorgew\u00e4hlten Rohren<\/h3>\n\n\n\n<p>Verteilte Druckverluste beziehen sich auf Abschnitte linearer Rohre. Nach der Auswahl des Typs, der Gr\u00f6\u00dfe und der L\u00e4nge des zu berechnenden Rohrs und der Angabe der erforderlichen Daten wie der Fl\u00fcssigkeitstemperatur und des Nenndurchflusses berechnet die Anwendung den Gesamtdruckverlust des Rohrabschnitts, den linearen Druckverlust und die Geschwindigkeit des Rohrabschnitts Fl\u00fcssigkeit unter den angegebenen Bedingungen.<\/p>\n\n\n\n<h3 class=\"wp-block-heading\">Dimensionierung von Rohren<\/h3>\n\n\n\n<p>Wenn die Rohre dimensioniert werden m\u00fcssen, erm\u00f6glicht dieser Modus die Berechnung der optimalen Rohrabmessungen basierend auf den vom Benutzer angegebenen Projektparametern. Zus\u00e4tzlich zu der Art und L\u00e4nge des zu dimensionierenden Rohrabschnitts, der Temperatur des Fluids und dem Nenndurchfluss ist es m\u00f6glich, die typischen Projektparameter festzulegen, indem man zwischen linearem Druckverlust oder Fluidgeschwindigkeit oder beidem w\u00e4hlt, um die Dimensionierung vorzunehmen Rohr. Dar\u00fcber hinaus besteht die M\u00f6glichkeit, f\u00fcr diese Parameter einen maximalen Grenzwert einzugeben. Die Anwendung berechnet dann die Rohrdimensionen, die den angegebenen Projektbedingungen am besten entsprechen. Bei Luftanlagen erm\u00f6glicht die Anwendung die Dimensionierung von Rohrleitungen mit rundem oder rechteckigem Querschnitt.<\/p>\n\n\n\n<h3 class=\"wp-block-heading\">Berechnung lokaler Druckverluste<\/h3>\n\n\n\n<p>Lokale Druckverluste beziehen sich auf nichtlineare Rohrabschnitte wie B\u00f6gen, Engp\u00e4sse, Abzweigungen und \u00e4hnliche Merkmale. Mithilfe einer speziellen grafischen Unterst\u00fctzung erm\u00f6glicht die Anwendung die Auswahl einer oder mehrerer Arten lokaler Druckverluste und die Berechnung sowohl der einzelnen Werte als auch der Gesamtsumme.<\/p>\n","protected":false},"excerpt":{"rendered":"<p>Dimensionieren Sie schnell und korrekt Hauptkomponenten von Hauswassersystemen Caleffi Pipe Sizer Pipe Sizer ist die Weiterentwicklung der Druckabfalltabellen. Unsere Tabellen sind eine Designhilfe, aber auch ein theoretisches Nachschlagewerk, das auf verschiedene Anwendungsf\u00e4lle im \u201eCaleffi-Notizbuch\u201c-Format angewendet wird und f\u00fcr Ihre eigene Anlagenschulung n\u00fctzlich ist. Web-App | F\u00fcr iOS | F\u00fcr Android Das k\u00f6nnen Sie mit Hilfe&hellip;<\/p>\n","protected":false},"author":1,"featured_media":0,"parent":0,"menu_order":0,"comment_status":"closed","ping_status":"closed","template":"","meta":{"footnotes":""},"class_list":["post-2309","page","type-page","status-publish","hentry"],"yoast_head":"<!-- This site is optimized with the Yoast SEO plugin v26.8 - https:\/\/yoast.com\/product\/yoast-seo-wordpress\/ -->\n<title>Caleffi Pipe Sizer | DMG Armaturen GmbH<\/title>\n<meta name=\"robots\" content=\"index, follow, max-snippet:-1, max-image-preview:large, max-video-preview:-1\" \/>\n<link rel=\"canonical\" href=\"https:\/\/dmg-armaturen.ch\/mag\/caleffi-pipe-sizer\/\" \/>\n<meta property=\"og:locale\" content=\"de_DE\" \/>\n<meta property=\"og:type\" content=\"article\" \/>\n<meta property=\"og:title\" content=\"Caleffi Pipe Sizer | DMG Armaturen GmbH\" \/>\n<meta property=\"og:description\" content=\"Dimensionieren Sie schnell und korrekt Hauptkomponenten von Hauswassersystemen Caleffi Pipe Sizer Pipe Sizer ist die Weiterentwicklung der Druckabfalltabellen. Unsere Tabellen sind eine Designhilfe, aber auch ein theoretisches Nachschlagewerk, das auf verschiedene Anwendungsf\u00e4lle im \u201eCaleffi-Notizbuch\u201c-Format angewendet wird und f\u00fcr Ihre eigene Anlagenschulung n\u00fctzlich ist. Web-App | F\u00fcr iOS | F\u00fcr Android Das k\u00f6nnen Sie mit Hilfe&hellip;\" \/>\n<meta property=\"og:url\" content=\"https:\/\/dmg-armaturen.ch\/mag\/caleffi-pipe-sizer\/\" \/>\n<meta property=\"og:site_name\" content=\"DMG Armaturen GmbH\" \/>\n<meta property=\"article:modified_time\" content=\"2025-06-29T13:05:40+00:00\" \/>\n<meta property=\"og:image\" content=\"https:\/\/dmg-armaturen.ch\/mag\/wp-content\/uploads\/2024\/12\/Bildschirmfoto-2024-12-28-um-16.09.41.png\" \/>\n\t<meta property=\"og:image:width\" content=\"1474\" \/>\n\t<meta property=\"og:image:height\" content=\"895\" \/>\n\t<meta property=\"og:image:type\" content=\"image\/png\" \/>\n<meta name=\"twitter:label1\" content=\"Gesch\u00e4tzte Lesezeit\" \/>\n\t<meta name=\"twitter:data1\" content=\"2\u00a0Minuten\" \/>\n<!-- \/ Yoast SEO plugin. -->","yoast_head_json":{"title":"Caleffi Pipe Sizer | DMG Armaturen GmbH","robots":{"index":"index","follow":"follow","max-snippet":"max-snippet:-1","max-image-preview":"max-image-preview:large","max-video-preview":"max-video-preview:-1"},"canonical":"https:\/\/dmg-armaturen.ch\/mag\/caleffi-pipe-sizer\/","og_locale":"de_DE","og_type":"article","og_title":"Caleffi Pipe Sizer | DMG Armaturen GmbH","og_description":"Dimensionieren Sie schnell und korrekt Hauptkomponenten von Hauswassersystemen Caleffi Pipe Sizer Pipe Sizer ist die Weiterentwicklung der Druckabfalltabellen. Unsere Tabellen sind eine Designhilfe, aber auch ein theoretisches Nachschlagewerk, das auf verschiedene Anwendungsf\u00e4lle im \u201eCaleffi-Notizbuch\u201c-Format angewendet wird und f\u00fcr Ihre eigene Anlagenschulung n\u00fctzlich ist. Web-App | F\u00fcr iOS | F\u00fcr Android Das k\u00f6nnen Sie mit Hilfe&hellip;","og_url":"https:\/\/dmg-armaturen.ch\/mag\/caleffi-pipe-sizer\/","og_site_name":"DMG Armaturen GmbH","article_modified_time":"2025-06-29T13:05:40+00:00","og_image":[{"width":1474,"height":895,"url":"https:\/\/dmg-armaturen.ch\/mag\/wp-content\/uploads\/2024\/12\/Bildschirmfoto-2024-12-28-um-16.09.41.png","type":"image\/png"}],"twitter_misc":{"Gesch\u00e4tzte Lesezeit":"2\u00a0Minuten"},"schema":{"@context":"https:\/\/schema.org","@graph":[{"@type":"WebPage","@id":"https:\/\/dmg-armaturen.ch\/mag\/caleffi-pipe-sizer\/","url":"https:\/\/dmg-armaturen.ch\/mag\/caleffi-pipe-sizer\/","name":"Caleffi Pipe Sizer | DMG Armaturen GmbH","isPartOf":{"@id":"https:\/\/dmg-armaturen.ch\/mag\/#website"},"primaryImageOfPage":{"@id":"https:\/\/dmg-armaturen.ch\/mag\/caleffi-pipe-sizer\/#primaryimage"},"image":{"@id":"https:\/\/dmg-armaturen.ch\/mag\/caleffi-pipe-sizer\/#primaryimage"},"thumbnailUrl":"https:\/\/dmg-armaturen.ch\/mag\/wp-content\/uploads\/2024\/12\/Bildschirmfoto-2024-12-28-um-16.09.41-1024x622.png","datePublished":"2024-12-28T15:13:12+00:00","dateModified":"2025-06-29T13:05:40+00:00","breadcrumb":{"@id":"https:\/\/dmg-armaturen.ch\/mag\/caleffi-pipe-sizer\/#breadcrumb"},"inLanguage":"de-CH","potentialAction":[{"@type":"ReadAction","target":["https:\/\/dmg-armaturen.ch\/mag\/caleffi-pipe-sizer\/"]}]},{"@type":"ImageObject","inLanguage":"de-CH","@id":"https:\/\/dmg-armaturen.ch\/mag\/caleffi-pipe-sizer\/#primaryimage","url":"https:\/\/dmg-armaturen.ch\/mag\/wp-content\/uploads\/2024\/12\/Bildschirmfoto-2024-12-28-um-16.09.41.png","contentUrl":"https:\/\/dmg-armaturen.ch\/mag\/wp-content\/uploads\/2024\/12\/Bildschirmfoto-2024-12-28-um-16.09.41.png","width":1474,"height":895},{"@type":"BreadcrumbList","@id":"https:\/\/dmg-armaturen.ch\/mag\/caleffi-pipe-sizer\/#breadcrumb","itemListElement":[{"@type":"ListItem","position":1,"name":"Home","item":"https:\/\/dmg-armaturen.ch\/mag\/"},{"@type":"ListItem","position":2,"name":"Caleffi Pipe Sizer"}]},{"@type":"WebSite","@id":"https:\/\/dmg-armaturen.ch\/mag\/#website","url":"https:\/\/dmg-armaturen.ch\/mag\/","name":"DMG Armaturen GmbH","description":"","publisher":{"@id":"https:\/\/dmg-armaturen.ch\/mag\/#organization"},"potentialAction":[{"@type":"SearchAction","target":{"@type":"EntryPoint","urlTemplate":"https:\/\/dmg-armaturen.ch\/mag\/?s={search_term_string}"},"query-input":{"@type":"PropertyValueSpecification","valueRequired":true,"valueName":"search_term_string"}}],"inLanguage":"de-CH"},{"@type":"Organization","@id":"https:\/\/dmg-armaturen.ch\/mag\/#organization","name":"DMG Armaturen GmbH","url":"https:\/\/dmg-armaturen.ch\/mag\/","logo":{"@type":"ImageObject","inLanguage":"de-CH","@id":"https:\/\/dmg-armaturen.ch\/mag\/#\/schema\/logo\/image\/","url":"https:\/\/dmg-armaturen.ch\/mag\/wp-content\/uploads\/2020\/06\/cropped-DMGLogo-1.png","contentUrl":"https:\/\/dmg-armaturen.ch\/mag\/wp-content\/uploads\/2020\/06\/cropped-DMGLogo-1.png","width":539,"height":109,"caption":"DMG Armaturen GmbH"},"image":{"@id":"https:\/\/dmg-armaturen.ch\/mag\/#\/schema\/logo\/image\/"}}]}},"_links":{"self":[{"href":"https:\/\/dmg-armaturen.ch\/mag\/wp-json\/wp\/v2\/pages\/2309","targetHints":{"allow":["GET"]}}],"collection":[{"href":"https:\/\/dmg-armaturen.ch\/mag\/wp-json\/wp\/v2\/pages"}],"about":[{"href":"https:\/\/dmg-armaturen.ch\/mag\/wp-json\/wp\/v2\/types\/page"}],"author":[{"embeddable":true,"href":"https:\/\/dmg-armaturen.ch\/mag\/wp-json\/wp\/v2\/users\/1"}],"replies":[{"embeddable":true,"href":"https:\/\/dmg-armaturen.ch\/mag\/wp-json\/wp\/v2\/comments?post=2309"}],"version-history":[{"count":1,"href":"https:\/\/dmg-armaturen.ch\/mag\/wp-json\/wp\/v2\/pages\/2309\/revisions"}],"predecessor-version":[{"id":2310,"href":"https:\/\/dmg-armaturen.ch\/mag\/wp-json\/wp\/v2\/pages\/2309\/revisions\/2310"}],"wp:attachment":[{"href":"https:\/\/dmg-armaturen.ch\/mag\/wp-json\/wp\/v2\/media?parent=2309"}],"curies":[{"name":"wp","href":"https:\/\/api.w.org\/{rel}","templated":true}]}}