{"id":2297,"date":"2024-12-28T16:13:12","date_gmt":"2024-12-28T15:13:12","guid":{"rendered":"https:\/\/dmg-armaturen.ch\/mag\/?page_id=2297"},"modified":"2024-12-29T13:54:37","modified_gmt":"2024-12-29T12:54:37","slug":"caleffi-pipe-sizer","status":"publish","type":"page","link":"https:\/\/dmg-armaturen.ch\/mag\/caleffi-pipe-sizer\/?lang=fr","title":{"rendered":"Caleffi Pipe Sizer"},"content":{"rendered":"<div class=\"yoast-breadcrumbs\"><span><span><a href=\"https:\/\/dmg-armaturen.ch\/mag\/\">Home<\/a><\/span> \u00bb <span class=\"breadcrumb_last\" aria-current=\"page\">Caleffi Pipe Sizer<\/span><\/span><\/div>\n\n\n<p>Dimensionnez rapidement et correctement les composants principaux des syst\u00e8mes d&#8217;eau domestique.<\/p>\n\n\n\n<div class=\"wp-block-group alignfull\"><div class=\"wp-block-group__inner-container is-layout-flow wp-block-group-is-layout-flow\">\n<div class=\"wp-block-media-text alignwide is-stacked-on-mobile tw-stack-md\" style=\"grid-template-columns:45% auto\"><figure class=\"wp-block-media-text__media\"><img loading=\"lazy\" decoding=\"async\" width=\"1024\" height=\"622\" src=\"https:\/\/dmg-armaturen.ch\/mag\/wp-content\/uploads\/2024\/12\/Bildschirmfoto-2024-12-28-um-16.09.41-1024x622.png\" alt=\"\" class=\"wp-image-2302 size-full\" srcset=\"https:\/\/dmg-armaturen.ch\/mag\/wp-content\/uploads\/2024\/12\/Bildschirmfoto-2024-12-28-um-16.09.41-1024x622.png 1024w, https:\/\/dmg-armaturen.ch\/mag\/wp-content\/uploads\/2024\/12\/Bildschirmfoto-2024-12-28-um-16.09.41-300x182.png 300w, https:\/\/dmg-armaturen.ch\/mag\/wp-content\/uploads\/2024\/12\/Bildschirmfoto-2024-12-28-um-16.09.41-768x466.png 768w, https:\/\/dmg-armaturen.ch\/mag\/wp-content\/uploads\/2024\/12\/Bildschirmfoto-2024-12-28-um-16.09.41-1200x729.png 1200w, https:\/\/dmg-armaturen.ch\/mag\/wp-content\/uploads\/2024\/12\/Bildschirmfoto-2024-12-28-um-16.09.41.png 1474w\" sizes=\"auto, (max-width: 1024px) 100vw, 1024px\" \/><\/figure><div class=\"wp-block-media-text__content\">\n<h3 class=\"wp-block-heading\">Caleffi Pipe Sizer<\/h3>\n\n\n\n<p>Pipe Sizer est une \u00e9volution des tableaux de chute de pression. Nos tableaux sont une aide \u00e0 la conception, mais aussi un ouvrage de r\u00e9f\u00e9rence th\u00e9orique appliqu\u00e9 \u00e0 diff\u00e9rents cas d&#8217;application au format \u00ab carnet de notes Caleffi \u00bb et utile pour votre propre formation \u00e0 l&#8217;installation.<\/p>\n\n\n\n<p><a href=\"https:\/\/dimensionatori.caleffi.com\/pipesizer?country=de&amp;language=de\" target=\"_blank\" rel=\"noreferrer noopener\">Web-App<\/a> | <a href=\"https:\/\/play.google.com\/store\/apps\/details?id=com.caleffi.pipesizer&amp;hl=de\" target=\"_blank\" rel=\"noreferrer noopener\">Pour iOS<\/a> | <a href=\"https:\/\/play.google.com\/store\/apps\/details?id=com.caleffi.pipesizer&amp;hl=de\" target=\"_blank\" rel=\"noreferrer noopener\">Pour Android<\/a><\/p>\n<\/div><\/div>\n<\/div><\/div>\n\n\n\n<p>Vous pouvez le calculer\/dimensionner \u00e0 l&#8217;aide de Caleffi Pipe Sizer.<\/p>\n\n\n\n<h3 class=\"wp-block-heading\">Calcul des pertes de charge r\u00e9parties dans les tuyaux existants ou pr\u00e9s\u00e9lectionn\u00e9s<\/h3>\n\n\n\n<p>Les pertes de charge r\u00e9parties se rapportent \u00e0 des sections de tuyaux lin\u00e9aires. Apr\u00e8s avoir s\u00e9lectionn\u00e9 le type, la taille et la longueur du tuyau \u00e0 calculer et indiqu\u00e9 les donn\u00e9es requises, telles que la temp\u00e9rature du liquide et le d\u00e9bit nominal, l&#8217;application calcule la perte de charge totale du tron\u00e7on de tuyau, la perte de charge lin\u00e9aire et la vitesse du tron\u00e7on de tuyau de liquide dans les conditions indiqu\u00e9es.<\/p>\n\n\n\n<h3 class=\"wp-block-heading\">Dimensionnement des tuyaux<\/h3>\n\n\n\n<p>Lorsque les tuyaux doivent \u00eatre dimensionn\u00e9s, ce mode permet de calculer les dimensions optimales des tuyaux sur la base des param\u00e8tres du projet indiqu\u00e9s par l&#8217;utilisateur. En plus du type et de la longueur de la section de tuyau \u00e0 dimensionner, de la temp\u00e9rature du fluide et du d\u00e9bit nominal, il est possible de d\u00e9finir les param\u00e8tres typiques du projet en choisissant entre la perte de charge lin\u00e9aire ou la vitesse du fluide, ou les deux, pour proc\u00e9der au dimensionnement du tuyau. Il est en outre possible de saisir une valeur limite maximale pour ces param\u00e8tres. L&#8217;application calcule alors les dimensions du tube qui correspondent le mieux aux conditions sp\u00e9cifi\u00e9es du projet. Pour les installations d&#8217;air, l&#8217;application permet de dimensionner des tuyauteries de section circulaire ou rectangulaire.<\/p>\n\n\n\n<h3 class=\"wp-block-heading\">Calcul des pertes de charge locales<\/h3>\n\n\n\n<p>Les pertes de charge locales se rapportent \u00e0 des sections de tuyaux non lin\u00e9aires telles que les coudes, les goulots d&#8217;\u00e9tranglement, les d\u00e9rivations et autres caract\u00e9ristiques similaires. Gr\u00e2ce \u00e0 un support graphique sp\u00e9cial, l&#8217;application permet de s\u00e9lectionner un ou plusieurs types de pertes de charge locales et de calculer \u00e0 la fois les valeurs individuelles et la somme totale.<\/p>\n","protected":false},"excerpt":{"rendered":"<p>Dimensionnez rapidement et correctement les composants principaux des syst\u00e8mes d&#8217;eau domestique. Caleffi Pipe Sizer Pipe Sizer est une \u00e9volution des tableaux de chute de pression. Nos tableaux sont une aide \u00e0 la conception, mais aussi un ouvrage de r\u00e9f\u00e9rence th\u00e9orique appliqu\u00e9 \u00e0 diff\u00e9rents cas d&#8217;application au format \u00ab carnet de notes Caleffi \u00bb et utile&hellip;<\/p>\n","protected":false},"author":1,"featured_media":0,"parent":0,"menu_order":0,"comment_status":"closed","ping_status":"closed","template":"","meta":{"footnotes":""},"class_list":["post-2297","page","type-page","status-publish","hentry"],"yoast_head":"<!-- This site is optimized with the Yoast SEO plugin v26.8 - https:\/\/yoast.com\/product\/yoast-seo-wordpress\/ -->\n<title>Caleffi Pipe Sizer | DMG Armaturen GmbH<\/title>\n<meta name=\"robots\" content=\"index, follow, max-snippet:-1, max-image-preview:large, max-video-preview:-1\" \/>\n<link rel=\"canonical\" href=\"https:\/\/dmg-armaturen.ch\/mag\/caleffi-pipe-sizer\/\" \/>\n<meta property=\"og:locale\" content=\"de_DE\" \/>\n<meta property=\"og:type\" content=\"article\" \/>\n<meta property=\"og:title\" content=\"Caleffi Pipe Sizer | DMG Armaturen GmbH\" \/>\n<meta property=\"og:description\" content=\"Dimensionnez rapidement et correctement les composants principaux des syst\u00e8mes d&#8217;eau domestique. Caleffi Pipe Sizer Pipe Sizer est une \u00e9volution des tableaux de chute de pression. Nos tableaux sont une aide \u00e0 la conception, mais aussi un ouvrage de r\u00e9f\u00e9rence th\u00e9orique appliqu\u00e9 \u00e0 diff\u00e9rents cas d&#8217;application au format \u00ab carnet de notes Caleffi \u00bb et utile&hellip;\" \/>\n<meta property=\"og:url\" content=\"https:\/\/dmg-armaturen.ch\/mag\/caleffi-pipe-sizer\/?lang=fr\" \/>\n<meta property=\"og:site_name\" content=\"DMG Armaturen GmbH\" \/>\n<meta property=\"article:modified_time\" content=\"2024-12-29T12:54:37+00:00\" \/>\n<meta property=\"og:image\" content=\"https:\/\/dmg-armaturen.ch\/mag\/wp-content\/uploads\/2024\/12\/Bildschirmfoto-2024-12-28-um-16.09.41.png\" \/>\n\t<meta property=\"og:image:width\" content=\"1474\" \/>\n\t<meta property=\"og:image:height\" content=\"895\" \/>\n\t<meta property=\"og:image:type\" content=\"image\/png\" \/>\n<meta name=\"twitter:label1\" content=\"Gesch\u00e4tzte Lesezeit\" \/>\n\t<meta name=\"twitter:data1\" content=\"3\u00a0Minuten\" \/>\n<!-- \/ Yoast SEO plugin. -->","yoast_head_json":{"title":"Caleffi Pipe Sizer | DMG Armaturen GmbH","robots":{"index":"index","follow":"follow","max-snippet":"max-snippet:-1","max-image-preview":"max-image-preview:large","max-video-preview":"max-video-preview:-1"},"canonical":"https:\/\/dmg-armaturen.ch\/mag\/caleffi-pipe-sizer\/","og_locale":"de_DE","og_type":"article","og_title":"Caleffi Pipe Sizer | DMG Armaturen GmbH","og_description":"Dimensionnez rapidement et correctement les composants principaux des syst\u00e8mes d&#8217;eau domestique. Caleffi Pipe Sizer Pipe Sizer est une \u00e9volution des tableaux de chute de pression. Nos tableaux sont une aide \u00e0 la conception, mais aussi un ouvrage de r\u00e9f\u00e9rence th\u00e9orique appliqu\u00e9 \u00e0 diff\u00e9rents cas d&#8217;application au format \u00ab carnet de notes Caleffi \u00bb et utile&hellip;","og_url":"https:\/\/dmg-armaturen.ch\/mag\/caleffi-pipe-sizer\/?lang=fr","og_site_name":"DMG Armaturen GmbH","article_modified_time":"2024-12-29T12:54:37+00:00","og_image":[{"width":1474,"height":895,"url":"https:\/\/dmg-armaturen.ch\/mag\/wp-content\/uploads\/2024\/12\/Bildschirmfoto-2024-12-28-um-16.09.41.png","type":"image\/png"}],"twitter_misc":{"Gesch\u00e4tzte Lesezeit":"3\u00a0Minuten"},"schema":{"@context":"https:\/\/schema.org","@graph":[{"@type":"WebPage","@id":"https:\/\/dmg-armaturen.ch\/mag\/caleffi-pipe-sizer\/?lang=fr","url":"https:\/\/dmg-armaturen.ch\/mag\/caleffi-pipe-sizer\/?lang=fr","name":"Caleffi Pipe Sizer | DMG Armaturen GmbH","isPartOf":{"@id":"https:\/\/dmg-armaturen.ch\/mag\/#website"},"primaryImageOfPage":{"@id":"https:\/\/dmg-armaturen.ch\/mag\/caleffi-pipe-sizer\/?lang=fr#primaryimage"},"image":{"@id":"https:\/\/dmg-armaturen.ch\/mag\/caleffi-pipe-sizer\/?lang=fr#primaryimage"},"thumbnailUrl":"https:\/\/dmg-armaturen.ch\/mag\/wp-content\/uploads\/2024\/12\/Bildschirmfoto-2024-12-28-um-16.09.41-1024x622.png","datePublished":"2024-12-28T15:13:12+00:00","dateModified":"2024-12-29T12:54:37+00:00","breadcrumb":{"@id":"https:\/\/dmg-armaturen.ch\/mag\/caleffi-pipe-sizer\/?lang=fr#breadcrumb"},"inLanguage":"de-CH","potentialAction":[{"@type":"ReadAction","target":["https:\/\/dmg-armaturen.ch\/mag\/caleffi-pipe-sizer\/?lang=fr"]}]},{"@type":"ImageObject","inLanguage":"de-CH","@id":"https:\/\/dmg-armaturen.ch\/mag\/caleffi-pipe-sizer\/?lang=fr#primaryimage","url":"https:\/\/dmg-armaturen.ch\/mag\/wp-content\/uploads\/2024\/12\/Bildschirmfoto-2024-12-28-um-16.09.41.png","contentUrl":"https:\/\/dmg-armaturen.ch\/mag\/wp-content\/uploads\/2024\/12\/Bildschirmfoto-2024-12-28-um-16.09.41.png","width":1474,"height":895},{"@type":"BreadcrumbList","@id":"https:\/\/dmg-armaturen.ch\/mag\/caleffi-pipe-sizer\/?lang=fr#breadcrumb","itemListElement":[{"@type":"ListItem","position":1,"name":"Home","item":"https:\/\/dmg-armaturen.ch\/mag\/"},{"@type":"ListItem","position":2,"name":"Caleffi Pipe Sizer"}]},{"@type":"WebSite","@id":"https:\/\/dmg-armaturen.ch\/mag\/#website","url":"https:\/\/dmg-armaturen.ch\/mag\/","name":"DMG Armaturen GmbH","description":"","publisher":{"@id":"https:\/\/dmg-armaturen.ch\/mag\/#organization"},"potentialAction":[{"@type":"SearchAction","target":{"@type":"EntryPoint","urlTemplate":"https:\/\/dmg-armaturen.ch\/mag\/?s={search_term_string}"},"query-input":{"@type":"PropertyValueSpecification","valueRequired":true,"valueName":"search_term_string"}}],"inLanguage":"de-CH"},{"@type":"Organization","@id":"https:\/\/dmg-armaturen.ch\/mag\/#organization","name":"DMG Armaturen GmbH","url":"https:\/\/dmg-armaturen.ch\/mag\/","logo":{"@type":"ImageObject","inLanguage":"de-CH","@id":"https:\/\/dmg-armaturen.ch\/mag\/#\/schema\/logo\/image\/","url":"https:\/\/dmg-armaturen.ch\/mag\/wp-content\/uploads\/2020\/06\/cropped-DMGLogo-1.png","contentUrl":"https:\/\/dmg-armaturen.ch\/mag\/wp-content\/uploads\/2020\/06\/cropped-DMGLogo-1.png","width":539,"height":109,"caption":"DMG Armaturen GmbH"},"image":{"@id":"https:\/\/dmg-armaturen.ch\/mag\/#\/schema\/logo\/image\/"}}]}},"_links":{"self":[{"href":"https:\/\/dmg-armaturen.ch\/mag\/wp-json\/wp\/v2\/pages\/2297","targetHints":{"allow":["GET"]}}],"collection":[{"href":"https:\/\/dmg-armaturen.ch\/mag\/wp-json\/wp\/v2\/pages"}],"about":[{"href":"https:\/\/dmg-armaturen.ch\/mag\/wp-json\/wp\/v2\/types\/page"}],"author":[{"embeddable":true,"href":"https:\/\/dmg-armaturen.ch\/mag\/wp-json\/wp\/v2\/users\/1"}],"replies":[{"embeddable":true,"href":"https:\/\/dmg-armaturen.ch\/mag\/wp-json\/wp\/v2\/comments?post=2297"}],"version-history":[{"count":4,"href":"https:\/\/dmg-armaturen.ch\/mag\/wp-json\/wp\/v2\/pages\/2297\/revisions"}],"predecessor-version":[{"id":2370,"href":"https:\/\/dmg-armaturen.ch\/mag\/wp-json\/wp\/v2\/pages\/2297\/revisions\/2370"}],"wp:attachment":[{"href":"https:\/\/dmg-armaturen.ch\/mag\/wp-json\/wp\/v2\/media?parent=2297"}],"curies":[{"name":"wp","href":"https:\/\/api.w.org\/{rel}","templated":true}]}}